{"id":242561,"date":"2025-07-07T12:05:49","date_gmt":"2025-07-07T10:05:49","guid":{"rendered":"https:\/\/www.vrsna-chocolates.eu\/en\/?post_type=product&#038;p=242561"},"modified":"2025-07-07T12:05:49","modified_gmt":"2025-07-07T10:05:49","slug":"old-zagreb-mlijecna-s-kakaovim-sjemenkama-75g","status":"publish","type":"product","link":"https:\/\/www.vrsna-chocolates.eu\/en\/proizvod\/old-zagreb-mlijecna-s-kakaovim-sjemenkama-75g\/","title":{"rendered":"Old Zagreb, mlije\u010dna s kakaovim sjemenkama, 75g"},"content":{"rendered":"<p>Old selekcija, vrsne tamne \u010dokolade 54% i bijele, mlije\u010dne i tamne \u010dokolade s posipima.<\/p>\n<p>\u010cokolade sadr\u017ee posipe poput lje\u0161njaka, kakao sjemenki, maline, jagode i vi\u0161nje.<\/p>\n<p>Vrsna ru\u010dno ra\u0111ena mlije\u010dna \u010dokolada s kakaovim sjemenkama.<\/p>\n","protected":false},"excerpt":{"rendered":"<p>Old selekcija, vrsne tamne \u010dokolade 54% i bijele, mlije\u010dne i tamne \u010dokolade s posipima. \u010cokolade sadr\u017ee posipe poput lje\u0161njaka, kakao sjemenki, maline, jagode i vi\u0161nje. Vrsna ru\u010dno ra\u0111ena mlije\u010dna \u010dokolada s kakaovim sjemenkama.<\/p>\n","protected":false},"featured_media":242562,"comment_status":"open","ping_status":"closed","template":"","meta":{"_et_pb_use_builder":"","_et_pb_old_content":"","_et_gb_content_width":""},"product_brand":[],"product_cat":[118],"product_tag":[],"class_list":{"0":"post-242561","1":"product","2":"type-product","3":"status-publish","4":"has-post-thumbnail","6":"product_cat-old_selection","8":"first","9":"instock","10":"taxable","11":"shipping-taxable","12":"purchasable","13":"product-type-simple"},"_links":{"self":[{"href":"https:\/\/www.vrsna-chocolates.eu\/en\/wp-json\/wp\/v2\/product\/242561","targetHints":{"allow":["GET"]}}],"collection":[{"href":"https:\/\/www.vrsna-chocolates.eu\/en\/wp-json\/wp\/v2\/product"}],"about":[{"href":"https:\/\/www.vrsna-chocolates.eu\/en\/wp-json\/wp\/v2\/types\/product"}],"replies":[{"embeddable":true,"href":"https:\/\/www.vrsna-chocolates.eu\/en\/wp-json\/wp\/v2\/comments?post=242561"}],"wp:featuredmedia":[{"embeddable":true,"href":"https:\/\/www.vrsna-chocolates.eu\/en\/wp-json\/wp\/v2\/media\/242562"}],"wp:attachment":[{"href":"https:\/\/www.vrsna-chocolates.eu\/en\/wp-json\/wp\/v2\/media?parent=242561"}],"wp:term":[{"taxonomy":"product_brand","embeddable":true,"href":"https:\/\/www.vrsna-chocolates.eu\/en\/wp-json\/wp\/v2\/product_brand?post=242561"},{"taxonomy":"product_cat","embeddable":true,"href":"https:\/\/www.vrsna-chocolates.eu\/en\/wp-json\/wp\/v2\/product_cat?post=242561"},{"taxonomy":"product_tag","embeddable":true,"href":"https:\/\/www.vrsna-chocolates.eu\/en\/wp-json\/wp\/v2\/product_tag?post=242561"}],"curies":[{"name":"wp","href":"https:\/\/api.w.org\/{rel}","templated":true}]}}